


{"id":334,"date":"2025-07-18T16:27:42","date_gmt":"2025-07-18T16:27:42","guid":{"rendered":"https:\/\/paulomartins.com.pt\/?page_id=334"},"modified":"2026-03-10T18:48:21","modified_gmt":"2026-03-10T18:48:21","slug":"interior-design-decoration","status":"publish","type":"page","link":"https:\/\/paulomartins.com.pt\/pt-pt\/interior-design-decoration\/","title":{"rendered":"Interior Design\u2028&#038; Decoration"},"content":{"rendered":"<div class=\"wpb-content-wrapper\"><p>[vc_row full_height=&#8221;yes&#8221; el_class=&#8221;service-bloco engineering-1&#8243;][vc_column width=&#8221;1\/2&#8243;][vc_column_text]<\/p>\n<h1>Interior Design<br \/>\n&amp; Decoration<\/h1>\n<h5>Designed to <strong>inspire feelings.<\/strong><br \/>\n<strong>Tailored<\/strong> to <strong>reflect you.<\/strong><\/h5>\n<p>OUM is the interior design and decoration brand created by Paulo Martins Arquitectura &amp; Design to fulfil the emotional and aesthetic needs of our projects. It helps us bring warmth, depth, and meaning to each space &#8211; ensuring that interiors are not only beautiful but also genuinely experienced and appreciated. From custom layouts to curated pieces, OUM fosters the creation of environments that reflect each client\u2019s individuality. Every element is selected deliberately, and every detail is designed to enhance well-being.<\/p>\n<p>OUM also features an online store, with a selection of furniture and objects personally curated by Paulo Martins to reflect his vision of timeless, expressive design.<br \/>\n[\/vc_column_text][vc_column_text css=&#8221;.vc_custom_1756464339521{margin-top: 30px !important;}&#8221;]<a class=\"botao-preto\" href=\"https:\/\/oum.pt\/\" target=\"_blank\" rel=\"noopener\">Visit online store<\/a>[\/vc_column_text][\/vc_column][vc_column width=&#8221;1\/2&#8243;][vc_single_image image=&#8221;220&#8243; img_size=&#8221;full&#8221; alignment=&#8221;center&#8221;][\/vc_column][\/vc_row][vc_row full_width=&#8221;stretch_row_content_no_spaces&#8221; el_class=&#8221;process-2 process-2-overlay real&#8221;][vc_column][vc_single_image image=&#8221;2673&#8243; img_size=&#8221;full&#8221;][\/vc_column][\/vc_row][vc_row el_class=&#8221;engineering-5&#8243;][vc_column][vc_column_text]<\/p>\n<h5>get in<br \/>\ntouch<\/h5>\n<p>[\/vc_column_text][vc_column_text el_class=&#8221;engineering-5-flex&#8221;]<\/p>\n<h6><strong>E-mail us<\/strong><br \/>\ngeral@oum.pt<\/h6>\n<h6><strong>Call us<\/strong><br \/>\n(+351) 234 135 831<\/h6>\n<p>[\/vc_column_text][\/vc_column][\/vc_row][vc_row el_class=&#8221;grid-especial-dois&#8221;][vc_column][vc_column_text]<h6 class=\"titulo-grid\">Interior Design &amp; Decoration Projects<\/h6><div class=\"noticias-grid\">                <div class=\"noticia-item\">\n                    <a href=\"https:\/\/paulomartins.com.pt\/pt-pt\/projeto\/mare-villas\/\">\n                        <div class=\"noticia-thumb\" style=\"background-image:url('https:\/\/paulomartins.com.pt\/wp-content\/uploads\/2026\/03\/OUTSIDE-1024x512.webp');\"><\/div>\n                        <h3 class=\"noticia-titulo\">Mare Villas<\/h3>\n\n                        \n                        <p class=\"noticia-categoria\">Interior Design &amp; Decoration<\/p>\n                        <div class=\"hover-button\">Ver Projeto<\/div>\n                    <\/a>\n                <\/div>\n                                <div class=\"noticia-item\">\n                    <a href=\"https:\/\/paulomartins.com.pt\/pt-pt\/projeto\/the-bivart\/\">\n                        <div class=\"noticia-thumb\" style=\"background-image:url('https:\/\/paulomartins.com.pt\/wp-content\/uploads\/2025\/10\/Architecture-Interior-Design-THE-BIVART-Lisbon-Banner-1-1024x683.jpg');\"><\/div>\n                        <h3 class=\"noticia-titulo\">THE BIVART<\/h3>\n\n                                                    <span class=\"scroll-fase\">2021<\/span>\n                        \n                        <p class=\"noticia-categoria\">Interior Design &amp; Decoration<\/p>\n                        <div class=\"hover-button\">Ver Projeto<\/div>\n                    <\/a>\n                <\/div>\n                                <div class=\"noticia-item\">\n                    <a href=\"https:\/\/paulomartins.com.pt\/pt-pt\/projeto\/barbart\/\">\n                        <div class=\"noticia-thumb\" style=\"background-image:url('https:\/\/paulomartins.com.pt\/wp-content\/uploads\/2025\/10\/Interior-Design-BARBART-Sever-Vouga-Banner-1-1024x683.jpg');\"><\/div>\n                        <h3 class=\"noticia-titulo\">BARBART<\/h3>\n\n                                                    <span class=\"scroll-fase\">2020<\/span>\n                        \n                        <p class=\"noticia-categoria\">Interior Design &amp; Decoration<\/p>\n                        <div class=\"hover-button\">Ver Projeto<\/div>\n                    <\/a>\n                <\/div>\n                <\/div>[\/vc_column_text][\/vc_column][\/vc_row][vc_row full_width=&#8221;stretch_row_content_no_spaces&#8221; el_class=&#8221;bloco-special&#8221;][vc_column]\n<div class=\"wpcf7 no-js\" id=\"wpcf7-f57-o1\" lang=\"pt-PT\" dir=\"ltr\" data-wpcf7-id=\"57\">\n<div class=\"screen-reader-response\"><p role=\"status\" aria-live=\"polite\" aria-atomic=\"true\"><\/p> <ul><\/ul><\/div>\n<form action=\"\/pt-pt\/wp-json\/wp\/v2\/pages\/334#wpcf7-f57-o1\" method=\"post\" class=\"wpcf7-form init 7fd6685201e4 cmatic-conn cmatic-aud-1 cmatic-mapd3-3 cmatic-v097802 cmatic-sent-18 cmatic-total-50\" aria-label=\"Formul\u00e1rio de contacto\" novalidate=\"novalidate\" data-status=\"init\">\n<fieldset class=\"hidden-fields-container\"><input type=\"hidden\" name=\"_wpcf7\" value=\"57\" \/><input type=\"hidden\" name=\"_wpcf7_version\" value=\"6.1.5\" \/><input type=\"hidden\" name=\"_wpcf7_locale\" value=\"pt_PT\" \/><input type=\"hidden\" name=\"_wpcf7_unit_tag\" value=\"wpcf7-f57-o1\" \/><input type=\"hidden\" name=\"_wpcf7_container_post\" value=\"0\" \/><input type=\"hidden\" name=\"_wpcf7_posted_data_hash\" value=\"\" \/>\n<\/fieldset>\n<h5>Vamos falar sobre\u2028o seu projeto\n<\/h5>\n<div class=\"form-row\">\n\t<p><label>Podemos saber o seu nome?<\/label><br \/>\n<span class=\"wpcf7-form-control-wrap\" data-name=\"your-name\"><input size=\"40\" maxlength=\"400\" class=\"wpcf7-form-control wpcf7-text wpcf7-validates-as-required\" aria-required=\"true\" aria-invalid=\"false\" placeholder=\"Insira o seu nome...\" value=\"\" type=\"text\" name=\"your-name\" \/><\/span>\n\t<\/p>\n<\/div>\n<div class=\"form-row\">\n\t<p><label>Podemos contact\u00e1-lo por e-mail?<\/label><br \/>\n<span class=\"wpcf7-form-control-wrap\" data-name=\"your-email\"><input size=\"40\" maxlength=\"400\" class=\"wpcf7-form-control wpcf7-email wpcf7-validates-as-required wpcf7-text wpcf7-validates-as-email\" aria-required=\"true\" aria-invalid=\"false\" placeholder=\"Insira o seu e-mail...\" value=\"\" type=\"email\" name=\"your-email\" \/><\/span>\n\t<\/p>\n<\/div>\n<div class=\"form-row\">\n\t<p><label>Que tipo de projeto est\u00e1 a idealizar?<\/label><br \/>\n<span class=\"wpcf7-form-control-wrap\" data-name=\"your-project-type\"><select class=\"wpcf7-form-control wpcf7-select wpcf7-validates-as-required\" aria-required=\"true\" aria-invalid=\"false\" name=\"your-project-type\"><option value=\"\">Por favor selecione da lista<\/option><option value=\"Arquitetura\">Arquitetura<\/option><option value=\"Design de Interiores\">Design de Interiores<\/option><option value=\"Outro\">Outro<\/option><\/select><\/span>\n\t<\/p>\n<\/div>\n<div class=\"form-row form-row-especial\">\n\t<p><label>Informa\u00e7\u00e3o adicional que gostaria de partilhar...<\/label><br \/>\n<span class=\"wpcf7-form-control-wrap\" data-name=\"your-message\"><textarea cols=\"40\" rows=\"10\" maxlength=\"2000\" class=\"wpcf7-form-control wpcf7-textarea\" aria-invalid=\"false\" placeholder=\"Escreva a sua mensagem aqui\" name=\"your-message\"><\/textarea><\/span>\n\t<\/p>\n<\/div>\n<div class=\"form-row form-submit\">\n\t<p><span>ao continuar est\u00e1 a aceitar os nossos Termos e Condi\u00e7\u00f5es<\/span><br \/>\n<button type=\"submit\" class=\"contact-button\">ENVIAR PEDIDO DE CONTACTO<\/button>\n\t<\/p>\n<\/div><p style=\"display: none !important;\" class=\"akismet-fields-container\" data-prefix=\"_wpcf7_ak_\"><label>&#916;<textarea name=\"_wpcf7_ak_hp_textarea\" cols=\"45\" rows=\"8\" maxlength=\"100\"><\/textarea><\/label><input type=\"hidden\" id=\"ak_js_1\" name=\"_wpcf7_ak_js\" value=\"186\"\/><script type=\"text\/javascript\">\n\/* <![CDATA[ *\/\ndocument.getElementById( \"ak_js_1\" ).setAttribute( \"value\", ( new Date() ).getTime() );\n\/* ]]> *\/\n<\/script>\n<\/p><div class=\"wpcf7-response-output\" aria-hidden=\"true\"><\/div>\n<\/form>\n<\/div>\n[vc_row_inner el_class=&#8221;borda-contacto&#8221;][vc_column_inner][vc_column_text]Frequently Asked Questions <img loading=\"lazy\" decoding=\"async\" class=\"alignnone size-full wp-image-60\" src=\"https:\/\/paulomartins.com.pt\/wp-content\/uploads\/2025\/07\/icon-placeholder.png\" alt=\"\" width=\"18\" height=\"18\" \/>[\/vc_column_text][\/vc_column_inner][\/vc_row_inner][\/vc_column][\/vc_row]<\/p>\n<\/div>","protected":false},"excerpt":{"rendered":"<p>[vc_row full_height=&#8221;yes&#8221; el_class=&#8221;service-bloco engineering-1&#8243;][vc_column width=&#8221;1\/2&#8243;][vc_column_text] Interior Design &amp; Decoration Designed to inspire feelings. Tailored to reflect you. OUM is the interior design and decoration brand created by Paulo Martins Arquitectura &amp; Design to fulfil the emotional and aesthetic needs of our projects. It helps us bring warmth, depth, and meaning to each space &#8211; ensuring [&hellip;]<\/p>\n","protected":false},"author":1,"featured_media":0,"parent":0,"menu_order":0,"comment_status":"closed","ping_status":"closed","template":"","meta":{"footnotes":""},"class_list":["post-334","page","type-page","status-publish","hentry"],"_links":{"self":[{"href":"https:\/\/paulomartins.com.pt\/pt-pt\/wp-json\/wp\/v2\/pages\/334","targetHints":{"allow":["GET"]}}],"collection":[{"href":"https:\/\/paulomartins.com.pt\/pt-pt\/wp-json\/wp\/v2\/pages"}],"about":[{"href":"https:\/\/paulomartins.com.pt\/pt-pt\/wp-json\/wp\/v2\/types\/page"}],"author":[{"embeddable":true,"href":"https:\/\/paulomartins.com.pt\/pt-pt\/wp-json\/wp\/v2\/users\/1"}],"replies":[{"embeddable":true,"href":"https:\/\/paulomartins.com.pt\/pt-pt\/wp-json\/wp\/v2\/comments?post=334"}],"version-history":[{"count":4,"href":"https:\/\/paulomartins.com.pt\/pt-pt\/wp-json\/wp\/v2\/pages\/334\/revisions"}],"predecessor-version":[{"id":1942,"href":"https:\/\/paulomartins.com.pt\/pt-pt\/wp-json\/wp\/v2\/pages\/334\/revisions\/1942"}],"wp:attachment":[{"href":"https:\/\/paulomartins.com.pt\/pt-pt\/wp-json\/wp\/v2\/media?parent=334"}],"curies":[{"name":"wp","href":"https:\/\/api.w.org\/{rel}","templated":true}]}}