


{"id":265,"date":"2025-07-16T17:57:31","date_gmt":"2025-07-16T17:57:31","guid":{"rendered":"https:\/\/paulomartins.com.pt\/?page_id=265"},"modified":"2026-03-30T09:41:48","modified_gmt":"2026-03-30T09:41:48","slug":"contacts","status":"publish","type":"page","link":"https:\/\/paulomartins.com.pt\/pt-pt\/contacts\/","title":{"rendered":"Contacts"},"content":{"rendered":"<div class=\"wpb-content-wrapper\"><p>[vc_row el_class=&#8221;contacts-block&#8221;][vc_column width=&#8221;1\/2&#8243;][vc_column_text]<\/p>\n<h1>contacts<\/h1>\n<p>[\/vc_column_text][\/vc_column][vc_column width=&#8221;1\/2&#8243;][vc_column_text]<\/p>\n<h6>ADDRESS<\/h6>\n<p>Rua de Marques Gomes 2A<br \/>\n3800-221 Aveiro<br \/>\nPortugal<br \/>\n<a class=\"morada-seta-grey\" href=\"https:\/\/maps.google.com?q=Rua de Marques Gomes 2A, Aveiro\" target=\"_blank\" rel=\"noopener\">Get directions <img decoding=\"async\" src=\"\/wp-content\/uploads\/2025\/07\/Right-Iconnnn.svg\" alt=\"Right arrow\" \/><\/a><\/p>\n<h6>E-MAIL US<\/h6>\n<p><a href=\"mailto:geral@paulomartins.com.pt\">geral@paulomartins.com.pt<\/a><\/p>\n<h6>CALL US<\/h6>\n<p><a href=\"tel:+351234135831\">(+351) 234 135 831<\/a><\/p>\n<h6>FOLLOW US<\/h6>\n<p><a href=\"https:\/\/www.instagram.com\/paulomartinsarqdesign\/\" target=\"_blank\" rel=\"noopener\">instagram<\/a><br \/>\n<a href=\"https:\/\/www.facebook.com\/PAULOMARTINSARQDESIGN\/\" target=\"_blank\" rel=\"noopener\">facebook<\/a><br \/>\n<a href=\"https:\/\/www.linkedin.com\/company\/paulo-martins-arquitectura-&amp;-design\/\" target=\"_blank\" rel=\"noopener\">linkedin<\/a>[\/vc_column_text][\/vc_column][\/vc_row][vc_row full_width=&#8221;stretch_row_content_no_spaces&#8221; el_class=&#8221;bloco-special bloco-contacto-2&#8243;][vc_column]\n<div class=\"wpcf7 no-js\" id=\"wpcf7-f57-o1\" lang=\"pt-PT\" dir=\"ltr\" data-wpcf7-id=\"57\">\n<div class=\"screen-reader-response\"><p role=\"status\" aria-live=\"polite\" aria-atomic=\"true\"><\/p> <ul><\/ul><\/div>\n<form action=\"\/pt-pt\/wp-json\/wp\/v2\/pages\/265#wpcf7-f57-o1\" method=\"post\" class=\"wpcf7-form init 7fd6685201e4 cmatic-conn cmatic-aud-1 cmatic-mapd3-3 cmatic-v097802 cmatic-sent-18 cmatic-total-50\" aria-label=\"Formul\u00e1rio de contacto\" novalidate=\"novalidate\" data-status=\"init\">\n<fieldset class=\"hidden-fields-container\"><input type=\"hidden\" name=\"_wpcf7\" value=\"57\" \/><input type=\"hidden\" name=\"_wpcf7_version\" value=\"6.1.5\" \/><input type=\"hidden\" name=\"_wpcf7_locale\" value=\"pt_PT\" \/><input type=\"hidden\" name=\"_wpcf7_unit_tag\" value=\"wpcf7-f57-o1\" \/><input type=\"hidden\" name=\"_wpcf7_container_post\" value=\"0\" \/><input type=\"hidden\" name=\"_wpcf7_posted_data_hash\" value=\"\" \/>\n<\/fieldset>\n<h5>Vamos falar sobre\u2028o seu projeto\n<\/h5>\n<div class=\"form-row\">\n\t<p><label>Podemos saber o seu nome?<\/label><br \/>\n<span class=\"wpcf7-form-control-wrap\" data-name=\"your-name\"><input size=\"40\" maxlength=\"400\" class=\"wpcf7-form-control wpcf7-text wpcf7-validates-as-required\" aria-required=\"true\" aria-invalid=\"false\" placeholder=\"Insira o seu nome...\" value=\"\" type=\"text\" name=\"your-name\" \/><\/span>\n\t<\/p>\n<\/div>\n<div class=\"form-row\">\n\t<p><label>Podemos contact\u00e1-lo por e-mail?<\/label><br \/>\n<span class=\"wpcf7-form-control-wrap\" data-name=\"your-email\"><input size=\"40\" maxlength=\"400\" class=\"wpcf7-form-control wpcf7-email wpcf7-validates-as-required wpcf7-text wpcf7-validates-as-email\" aria-required=\"true\" aria-invalid=\"false\" placeholder=\"Insira o seu e-mail...\" value=\"\" type=\"email\" name=\"your-email\" \/><\/span>\n\t<\/p>\n<\/div>\n<div class=\"form-row\">\n\t<p><label>Que tipo de projeto est\u00e1 a idealizar?<\/label><br \/>\n<span class=\"wpcf7-form-control-wrap\" data-name=\"your-project-type\"><select class=\"wpcf7-form-control wpcf7-select wpcf7-validates-as-required\" aria-required=\"true\" aria-invalid=\"false\" name=\"your-project-type\"><option value=\"\">Por favor selecione da lista<\/option><option value=\"Arquitetura\">Arquitetura<\/option><option value=\"Design de Interiores\">Design de Interiores<\/option><option value=\"Outro\">Outro<\/option><\/select><\/span>\n\t<\/p>\n<\/div>\n<div class=\"form-row form-row-especial\">\n\t<p><label>Informa\u00e7\u00e3o adicional que gostaria de partilhar...<\/label><br \/>\n<span class=\"wpcf7-form-control-wrap\" data-name=\"your-message\"><textarea cols=\"40\" rows=\"10\" maxlength=\"2000\" class=\"wpcf7-form-control wpcf7-textarea\" aria-invalid=\"false\" placeholder=\"Escreva a sua mensagem aqui\" name=\"your-message\"><\/textarea><\/span>\n\t<\/p>\n<\/div>\n<div class=\"form-row form-submit\">\n\t<p><span>ao continuar est\u00e1 a aceitar os nossos Termos e Condi\u00e7\u00f5es<\/span><br \/>\n<button type=\"submit\" class=\"contact-button\">ENVIAR PEDIDO DE CONTACTO<\/button>\n\t<\/p>\n<\/div><p style=\"display: none !important;\" class=\"akismet-fields-container\" data-prefix=\"_wpcf7_ak_\"><label>&#916;<textarea name=\"_wpcf7_ak_hp_textarea\" cols=\"45\" rows=\"8\" maxlength=\"100\"><\/textarea><\/label><input type=\"hidden\" id=\"ak_js_1\" name=\"_wpcf7_ak_js\" value=\"189\"\/><script type=\"text\/javascript\">\n\/* <![CDATA[ *\/\ndocument.getElementById( \"ak_js_1\" ).setAttribute( \"value\", ( new Date() ).getTime() );\n\/* ]]> *\/\n<\/script>\n<\/p><div class=\"wpcf7-response-output\" aria-hidden=\"true\"><\/div>\n<\/form>\n<\/div>\n[vc_row_inner el_class=&#8221;borda-contacto&#8221;][vc_column_inner][vc_column_text]Frequently Asked Questions <img loading=\"lazy\" decoding=\"async\" class=\"alignnone size-full wp-image-60\" src=\"https:\/\/paulomartins.com.pt\/wp-content\/uploads\/2025\/07\/icon-placeholder.png\" alt=\"\" width=\"18\" height=\"18\" \/>[\/vc_column_text][\/vc_column_inner][\/vc_row_inner][\/vc_column][\/vc_row][vc_row full_width=&#8221;stretch_row_content_no_spaces&#8221; css_animation=&#8221;fadeInUp&#8221; el_class=&#8221;bloco-special&#8221;][vc_column][vc_row_inner el_class=&#8221;borda-contacto&#8221;][vc_column_inner][vc_column_text]<a class=\"faqs-foo\" href=\"#\">Frequently Asked Questions <img loading=\"lazy\" decoding=\"async\" class=\"alignnone size-full wp-image-60\" src=\"https:\/\/paulomartins.com.pt\/wp-content\/uploads\/2025\/07\/icon-placeholder.png\" alt=\"\" width=\"18\" height=\"18\" \/><\/a>[\/vc_column_text][\/vc_column_inner][\/vc_row_inner][\/vc_column][\/vc_row]<\/p>\n<\/div>","protected":false},"excerpt":{"rendered":"<p>[vc_row el_class=&#8221;contacts-block&#8221;][vc_column width=&#8221;1\/2&#8243;][vc_column_text] contacts [\/vc_column_text][\/vc_column][vc_column width=&#8221;1\/2&#8243;][vc_column_text] ADDRESS Rua de Marques Gomes 2A 3800-221 Aveiro Portugal Get directions E-MAIL US geral@paulomartins.com.pt CALL US (+351) 234 135 831 FOLLOW US instagram facebook linkedin[\/vc_column_text][\/vc_column][\/vc_row][vc_row full_width=&#8221;stretch_row_content_no_spaces&#8221; el_class=&#8221;bloco-special bloco-contacto-2&#8243;][vc_column][vc_row_inner el_class=&#8221;borda-contacto&#8221;][vc_column_inner][vc_column_text]Frequently Asked Questions [\/vc_column_text][\/vc_column_inner][\/vc_row_inner][\/vc_column][\/vc_row][vc_row full_width=&#8221;stretch_row_content_no_spaces&#8221; css_animation=&#8221;fadeInUp&#8221; el_class=&#8221;bloco-special&#8221;][vc_column][vc_row_inner el_class=&#8221;borda-contacto&#8221;][vc_column_inner][vc_column_text]Frequently Asked Questions [\/vc_column_text][\/vc_column_inner][\/vc_row_inner][\/vc_column][\/vc_row]<\/p>\n","protected":false},"author":1,"featured_media":0,"parent":0,"menu_order":0,"comment_status":"closed","ping_status":"closed","template":"","meta":{"footnotes":""},"class_list":["post-265","page","type-page","status-publish","hentry"],"_links":{"self":[{"href":"https:\/\/paulomartins.com.pt\/pt-pt\/wp-json\/wp\/v2\/pages\/265","targetHints":{"allow":["GET"]}}],"collection":[{"href":"https:\/\/paulomartins.com.pt\/pt-pt\/wp-json\/wp\/v2\/pages"}],"about":[{"href":"https:\/\/paulomartins.com.pt\/pt-pt\/wp-json\/wp\/v2\/types\/page"}],"author":[{"embeddable":true,"href":"https:\/\/paulomartins.com.pt\/pt-pt\/wp-json\/wp\/v2\/users\/1"}],"replies":[{"embeddable":true,"href":"https:\/\/paulomartins.com.pt\/pt-pt\/wp-json\/wp\/v2\/comments?post=265"}],"version-history":[{"count":3,"href":"https:\/\/paulomartins.com.pt\/pt-pt\/wp-json\/wp\/v2\/pages\/265\/revisions"}],"predecessor-version":[{"id":2736,"href":"https:\/\/paulomartins.com.pt\/pt-pt\/wp-json\/wp\/v2\/pages\/265\/revisions\/2736"}],"wp:attachment":[{"href":"https:\/\/paulomartins.com.pt\/pt-pt\/wp-json\/wp\/v2\/media?parent=265"}],"curies":[{"name":"wp","href":"https:\/\/api.w.org\/{rel}","templated":true}]}}