


{"id":103,"date":"2025-07-15T14:16:35","date_gmt":"2025-07-15T14:16:35","guid":{"rendered":"https:\/\/paulomartins.com.pt\/?page_id=103"},"modified":"2026-04-07T17:35:22","modified_gmt":"2026-04-07T17:35:22","slug":"sobre-nos","status":"publish","type":"page","link":"https:\/\/paulomartins.com.pt\/pt-pt\/sobre-nos\/","title":{"rendered":"Sobre N\u00f3s"},"content":{"rendered":"<div class=\"wpb-content-wrapper\"><p>[vc_row css_animation=&#8221;fadeInUp&#8221; el_class=&#8221;about-us-1 titulo-h6&#8243;][vc_column][vc_column_text]<\/p>\n<h6>manifesto<\/h6>\n<p>Countless inspirations, lots of journeys. Diverse perspectives and thoughts. We believe in the power of clear thinking. No restrains.No limitations. Because only a big idea can amplify a dream.We prefer creativity to trendiness. Comfort to aseptic solutions.Our architecture is about people. We listen to understand each client\u2019s personality and uniqueness. We love new materials, new combinations, and new experiments. We translate abstraction into forms. We want architecture that uses less. We want architecture that always adds more. Architecture that is dreamy, surprising and attractive. Architecture that unrests and evokes emotions.[\/vc_column_text][\/vc_column][\/vc_row][vc_row full_width=&#8221;stretch_row_content_no_spaces&#8221; css_animation=&#8221;fadeInUp&#8221; el_class=&#8221;titulo-h6 about-us-2&#8243;][vc_column width=&#8221;1\/2&#8243;][vc_single_image image=&#8221;122&#8243; img_size=&#8221;full&#8221;][\/vc_column][vc_column width=&#8221;1\/2&#8243; el_class=&#8221;about-us-2-col&#8221;][vc_column_text]\u201cAs an architect, I see <strong>every project as an opportunity to create spaces that move people<\/strong>, spaces that resonate on an emotional level. At Paulo Martins Arquitectura e Design, we\u2019re not just building structures\u2014we\u2019re <strong>crafting experiences that connect, provoke, and inspire. Our approach is rooted in experimentation, sustainability, and a deep respect for the human experience<\/strong>. We blur the lines between contrasts, from light and shade to interior and exterior, always seeking to create a seamless, <strong>hedonistic architecture that enhances well-being and embraces the future.<\/strong>\u201d[\/vc_column_text][vc_column_text]<\/p>\n<h6>paulo martins<\/h6>\n<h5>founder &amp; creative direction \/ leading architect<\/h5>\n<p>[\/vc_column_text][\/vc_column][\/vc_row][vc_row css_animation=&#8221;fadeInUp&#8221; el_class=&#8221;about-us-3&#8243;][vc_column][vc_column_text]        <div class=\"titulo-h6\"><h6>our values<\/h6><\/div>\n        <div class=\"our-values-accordion\">\n                            <div class=\"accordion-item\">\n                    <button class=\"accordion-toggle\" data-target=\"accordion-0\">\n                        Creativity                    <\/button>\n                    <div class=\"accordion-content\" id=\"accordion-0\">\n                        <div class=\"accordion-text\">\n                            <p>Creativity cannot exist without curiosity, and we are obsessively curious. We are always eager to learn about new materials, methods, and technologies, to explore new ideas, and innovate. Architecture and design are the tools that we use to express our creativity. We believe in their power to enhance lives and create a better world.<\/p>\n                        <\/div>\n                        <div class=\"accordion-image\">\n                                                            <img decoding=\"async\" src=\"https:\/\/paulomartins.com.pt\/wp-content\/uploads\/2025\/07\/Paulo-MARTINS-values-human-creativity-1024x683.jpg\" alt=\"Creativity\">\n                                                    <\/div>\n                    <\/div>\n                <\/div>\n                                <div class=\"accordion-item\">\n                    <button class=\"accordion-toggle\" data-target=\"accordion-1\">\n                        Innovation                    <\/button>\n                    <div class=\"accordion-content\" id=\"accordion-1\">\n                        <div class=\"accordion-text\">\n                            <p>It\u2019s at the core of everything we do. Every project is a challenge that starts with the same question: how can we do it better? This restless attitude runs right though everything we do: pioneering new technologies to design and build our projects.<\/p>\n                        <\/div>\n                        <div class=\"accordion-image\">\n                                                            <img decoding=\"async\" src=\"https:\/\/paulomartins.com.pt\/wp-content\/uploads\/2025\/07\/Paulo-MARTINS-values-human-innovation-1024x683.jpg\" alt=\"Innovation\">\n                                                    <\/div>\n                    <\/div>\n                <\/div>\n                                <div class=\"accordion-item\">\n                    <button class=\"accordion-toggle\" data-target=\"accordion-2\">\n                        Sustainability                    <\/button>\n                    <div class=\"accordion-content\" id=\"accordion-2\">\n                        <div class=\"accordion-text\">\n                            <p>We are focused on integrating sustainability into all aspects of what we do. It\u2019s not only about choosing more sustainable materials or constructions methods, is also about adapting the projects to the local contexts, its social surroundings and its users.<\/p>\n                        <\/div>\n                        <div class=\"accordion-image\">\n                                                            <img decoding=\"async\" src=\"https:\/\/paulomartins.com.pt\/wp-content\/uploads\/2025\/07\/Paulo-MARTINS-values-sustainability-683x1024.jpg\" alt=\"Sustainability\">\n                                                    <\/div>\n                    <\/div>\n                <\/div>\n                                <div class=\"accordion-item\">\n                    <button class=\"accordion-toggle\" data-target=\"accordion-3\">\n                        Human interaction                    <\/button>\n                    <div class=\"accordion-content\" id=\"accordion-3\">\n                        <div class=\"accordion-text\">\n                            <p>We believe that every project begins and ends with our clients, and that our ability to foster these relationships is paramount. Our capacity to listen to our clients&#039; needs and dreams, and to create spaces that intensively affect people&#039;s senses, provoking emotions and inviting them to interact.<\/p>\n                        <\/div>\n                        <div class=\"accordion-image\">\n                                                            <img decoding=\"async\" src=\"https:\/\/paulomartins.com.pt\/wp-content\/uploads\/2025\/07\/Paulo-MARTINS-values-human-interaction-1024x683.jpg\" alt=\"Human interaction\">\n                                                    <\/div>\n                    <\/div>\n                <\/div>\n                                <div class=\"accordion-item\">\n                    <button class=\"accordion-toggle\" data-target=\"accordion-4\">\n                        People interaction                    <\/button>\n                    <div class=\"accordion-content\" id=\"accordion-4\">\n                        <div class=\"accordion-text\">\n                            <p>We empower our team members to pursue their passion and make a difference, while helping them to become their best selves.<\/p>\n                        <\/div>\n                        <div class=\"accordion-image\">\n                                                            <img decoding=\"async\" src=\"https:\/\/paulomartins.com.pt\/wp-content\/uploads\/2025\/07\/Paulo-MARTINS-values-people-interaction-1024x683.jpg\" alt=\"People interaction\">\n                                                    <\/div>\n                    <\/div>\n                <\/div>\n                                <div class=\"accordion-item\">\n                    <button class=\"accordion-toggle\" data-target=\"accordion-5\">\n                        Diversity                    <\/button>\n                    <div class=\"accordion-content\" id=\"accordion-5\">\n                        <div class=\"accordion-text\">\n                            <p>We embrace a diverse range of projects. Regardless of their size, budget, or complexity, we dive deep into each one as if it were the most important project in the world.<\/p>\n                        <\/div>\n                        <div class=\"accordion-image\">\n                                                            <img decoding=\"async\" src=\"https:\/\/paulomartins.com.pt\/wp-content\/uploads\/2025\/07\/Paulo-MARTINS-values-people-diversity-1024x683.jpg\" alt=\"Diversity\">\n                                                    <\/div>\n                    <\/div>\n                <\/div>\n                        <\/div>\n\n\n        [\/vc_column_text][\/vc_column][\/vc_row][vc_row full_width=&#8221;stretch_row_content_no_spaces&#8221; css_animation=&#8221;fadeInUp&#8221; el_class=&#8221;about-us-slide&#8221;][vc_column][vc_images_carousel images=&#8221;1923,1269,1271,1272&#8243; img_size=&#8221;full&#8221; onclick=&#8221;link_no&#8221; speed=&#8221;3000&#8243; autoplay=&#8221;yes&#8221; hide_prev_next_buttons=&#8221;yes&#8221; wrap=&#8221;yes&#8221;][\/vc_column][\/vc_row][vc_row css_animation=&#8221;fadeInUp&#8221; el_class=&#8221;about-us-4 titulo-h6&#8243;][vc_column][vc_column_text]<\/p>\n<h6>our team<\/h6>\n<p>We are more than architects and designers &#8211; <strong>we are enthusiastic problem-solvers<\/strong>, technical <strong>experts<\/strong> and free <strong>thinkers<\/strong>. With expertise across architecture, interior design, engineering, and construction, <strong>we bring each vision to life with precision and creativity.<\/strong>[\/vc_column_text][\/vc_column][\/vc_row][vc_row css_animation=&#8221;fadeInUp&#8221; el_class=&#8221;about-us-5&#8243;][vc_column][vc_basic_grid post_type=&#8221;equipa&#8221; max_items=&#8221;-1&#8243; element_width=&#8221;3&#8243; gap=&#8221;20&#8243; order=&#8221;ASC&#8221; item=&#8221;150&#8243; grid_id=&#8221;vc_gid:1763121801610-5e9afcda-060f-9&#8243;][\/vc_column][\/vc_row][vc_row full_width=&#8221;stretch_row_content_no_spaces&#8221; css_animation=&#8221;fadeInUp&#8221; el_class=&#8221;bloco-special&#8221;][vc_column]\n<div class=\"wpcf7 no-js\" id=\"wpcf7-f57-o1\" lang=\"pt-PT\" dir=\"ltr\" data-wpcf7-id=\"57\">\n<div class=\"screen-reader-response\"><p role=\"status\" aria-live=\"polite\" aria-atomic=\"true\"><\/p> <ul><\/ul><\/div>\n<form action=\"\/pt-pt\/wp-json\/wp\/v2\/pages\/103#wpcf7-f57-o1\" method=\"post\" class=\"wpcf7-form init 7fd6685201e4 cmatic-conn cmatic-aud-1 cmatic-mapd3-3 cmatic-v097802 cmatic-sent-18 cmatic-total-50\" aria-label=\"Formul\u00e1rio de contacto\" novalidate=\"novalidate\" data-status=\"init\">\n<fieldset class=\"hidden-fields-container\"><input type=\"hidden\" name=\"_wpcf7\" value=\"57\" \/><input type=\"hidden\" name=\"_wpcf7_version\" value=\"6.1.5\" \/><input type=\"hidden\" name=\"_wpcf7_locale\" value=\"pt_PT\" \/><input type=\"hidden\" name=\"_wpcf7_unit_tag\" value=\"wpcf7-f57-o1\" \/><input type=\"hidden\" name=\"_wpcf7_container_post\" value=\"0\" \/><input type=\"hidden\" name=\"_wpcf7_posted_data_hash\" value=\"\" \/>\n<\/fieldset>\n<h5>Vamos falar sobre\u2028o seu projeto\n<\/h5>\n<div class=\"form-row\">\n\t<p><label>Podemos saber o seu nome?<\/label><br \/>\n<span class=\"wpcf7-form-control-wrap\" data-name=\"your-name\"><input size=\"40\" maxlength=\"400\" class=\"wpcf7-form-control wpcf7-text wpcf7-validates-as-required\" aria-required=\"true\" aria-invalid=\"false\" placeholder=\"Insira o seu nome...\" value=\"\" type=\"text\" name=\"your-name\" \/><\/span>\n\t<\/p>\n<\/div>\n<div class=\"form-row\">\n\t<p><label>Podemos contact\u00e1-lo por e-mail?<\/label><br \/>\n<span class=\"wpcf7-form-control-wrap\" data-name=\"your-email\"><input size=\"40\" maxlength=\"400\" class=\"wpcf7-form-control wpcf7-email wpcf7-validates-as-required wpcf7-text wpcf7-validates-as-email\" aria-required=\"true\" aria-invalid=\"false\" placeholder=\"Insira o seu e-mail...\" value=\"\" type=\"email\" name=\"your-email\" \/><\/span>\n\t<\/p>\n<\/div>\n<div class=\"form-row\">\n\t<p><label>Que tipo de projeto est\u00e1 a idealizar?<\/label><br \/>\n<span class=\"wpcf7-form-control-wrap\" data-name=\"your-project-type\"><select class=\"wpcf7-form-control wpcf7-select wpcf7-validates-as-required\" aria-required=\"true\" aria-invalid=\"false\" name=\"your-project-type\"><option value=\"\">Por favor selecione da lista<\/option><option value=\"Arquitetura\">Arquitetura<\/option><option value=\"Design de Interiores\">Design de Interiores<\/option><option value=\"Outro\">Outro<\/option><\/select><\/span>\n\t<\/p>\n<\/div>\n<div class=\"form-row form-row-especial\">\n\t<p><label>Informa\u00e7\u00e3o adicional que gostaria de partilhar...<\/label><br \/>\n<span class=\"wpcf7-form-control-wrap\" data-name=\"your-message\"><textarea cols=\"40\" rows=\"10\" maxlength=\"2000\" class=\"wpcf7-form-control wpcf7-textarea\" aria-invalid=\"false\" placeholder=\"Escreva a sua mensagem aqui\" name=\"your-message\"><\/textarea><\/span>\n\t<\/p>\n<\/div>\n<div class=\"form-row form-submit\">\n\t<p><span>ao continuar est\u00e1 a aceitar os nossos Termos e Condi\u00e7\u00f5es<\/span><br \/>\n<button type=\"submit\" class=\"contact-button\">ENVIAR PEDIDO DE CONTACTO<\/button>\n\t<\/p>\n<\/div><p style=\"display: none !important;\" class=\"akismet-fields-container\" data-prefix=\"_wpcf7_ak_\"><label>&#916;<textarea name=\"_wpcf7_ak_hp_textarea\" cols=\"45\" rows=\"8\" maxlength=\"100\"><\/textarea><\/label><input type=\"hidden\" id=\"ak_js_1\" name=\"_wpcf7_ak_js\" value=\"137\"\/><script type=\"text\/javascript\">\n\/* <![CDATA[ *\/\ndocument.getElementById( \"ak_js_1\" ).setAttribute( \"value\", ( new Date() ).getTime() );\n\/* ]]> *\/\n<\/script>\n<\/p><div class=\"wpcf7-response-output\" aria-hidden=\"true\"><\/div>\n<\/form>\n<\/div>\n[vc_row_inner el_class=&#8221;borda-contacto&#8221;][vc_column_inner][vc_column_text]<a class=\"faqs-foo\" href=\"#\">Frequently Asked Questions <img loading=\"lazy\" decoding=\"async\" class=\"alignnone size-full wp-image-60\" src=\"https:\/\/paulomartins.com.pt\/wp-content\/uploads\/2025\/07\/icon-placeholder.png\" alt=\"\" width=\"18\" height=\"18\" \/><\/a>[\/vc_column_text][\/vc_column_inner][\/vc_row_inner][\/vc_column][\/vc_row]<\/p>\n<\/div>","protected":false},"excerpt":{"rendered":"<p>[vc_row css_animation=&#8221;fadeInUp&#8221; el_class=&#8221;about-us-1 titulo-h6&#8243;][vc_column][vc_column_text] manifesto Countless inspirations, lots of journeys. Diverse perspectives and thoughts. We believe in the power of clear thinking. No restrains.No limitations. Because only a big idea can amplify a dream.We prefer creativity to trendiness. Comfort to aseptic solutions.Our architecture is about people. We listen to understand each client\u2019s personality and uniqueness. [&hellip;]<\/p>\n","protected":false},"author":1,"featured_media":105,"parent":0,"menu_order":0,"comment_status":"closed","ping_status":"open","template":"","meta":{"footnotes":""},"class_list":["post-103","page","type-page","status-publish","has-post-thumbnail","hentry"],"_links":{"self":[{"href":"https:\/\/paulomartins.com.pt\/pt-pt\/wp-json\/wp\/v2\/pages\/103","targetHints":{"allow":["GET"]}}],"collection":[{"href":"https:\/\/paulomartins.com.pt\/pt-pt\/wp-json\/wp\/v2\/pages"}],"about":[{"href":"https:\/\/paulomartins.com.pt\/pt-pt\/wp-json\/wp\/v2\/types\/page"}],"author":[{"embeddable":true,"href":"https:\/\/paulomartins.com.pt\/pt-pt\/wp-json\/wp\/v2\/users\/1"}],"replies":[{"embeddable":true,"href":"https:\/\/paulomartins.com.pt\/pt-pt\/wp-json\/wp\/v2\/comments?post=103"}],"version-history":[{"count":6,"href":"https:\/\/paulomartins.com.pt\/pt-pt\/wp-json\/wp\/v2\/pages\/103\/revisions"}],"predecessor-version":[{"id":2873,"href":"https:\/\/paulomartins.com.pt\/pt-pt\/wp-json\/wp\/v2\/pages\/103\/revisions\/2873"}],"wp:featuredmedia":[{"embeddable":true,"href":"https:\/\/paulomartins.com.pt\/pt-pt\/wp-json\/wp\/v2\/media\/105"}],"wp:attachment":[{"href":"https:\/\/paulomartins.com.pt\/pt-pt\/wp-json\/wp\/v2\/media?parent=103"}],"curies":[{"name":"wp","href":"https:\/\/api.w.org\/{rel}","templated":true}]}}